{"id":5410,"date":"2021-07-27T07:16:17","date_gmt":"2021-07-27T07:16:17","guid":{"rendered":"https:\/\/iturria.net\/senalizacion\/"},"modified":"2024-10-04T09:11:02","modified_gmt":"2024-10-04T09:11:02","slug":"senalizacion","status":"publish","type":"page","link":"https:\/\/iturria.net\/fr\/senalizacion\/","title":{"rendered":"Signalisation"},"content":{"rendered":"[vc_row][vc_column][vc_raw_html]JTNDZGl2JTIwY2xhc3MlM0QlMjJsaW5rcyUyMiUzRSUwQSUzQ2ElMjBocmVmJTNEJTIyJTIzaG9yaXpvbnRhbC12ZXJ0aWNhbCUyMiUzRVNJR05BTElTQVRJT04lMjBIT1JJWk9OVEFMRSUyMEVUJTIwVkVSVElDQUxFJTNDJTJGYSUzRSUwQSUzQ2ElMjBocmVmJTNEJTIyJTIzY2FycmV0ZXJhLXVyYmFuYSUyMiUzRVNJR05BTElTQVRJT04lMjBST1VUSSVDMyU4OFJFJTIwRVQlMjBVUkJBSU5FJTNDJTJGYSUzRSUwQSUzQyUyRmRpdiUzRSUwQSUzQ2RpdiUyMGNsYXNzJTNEJTIybGlua3MtZml4ZWQlMjIlM0UlMEElM0NhJTIwaHJlZiUzRCUyMiUyM2hvcml6b250YWwtdmVydGljYWwlMjIlM0VTSUdOQUxJU0FUSU9OJTIwSE9SSVpPTlRBTEUlMjBFVCUyMFZFUlRJQ0FMRSUyRmElM0UlMEElM0NhJTIwaHJlZiUzRCUyMiUyM2NhcnJldGVyYS11cmJhbmElMjIlM0VTSUdOQUxJU0FUSU9OJTIwUk9VVEklQzMlODhSRSUyMEVUJTIwVVJCQUlORSUzQyUyRmElM0UlMEElM0MlMkZkaXYlM0U=[\/vc_raw_html][\/vc_column][\/vc_row][vc_row full_width=&#8221;stretch_row_content_no_spaces&#8221; equal_height=&#8221;yes&#8221; css=&#8221;.vc_custom_1620898707650{background-color: #f9f9f9 !important;}&#8221;][vc_column offset=&#8221;vc_col-md-6&#8243;][wgl_spacing spacer_size=&#8221;50px&#8221;][vc_row_inner][vc_column_inner offset=&#8221;vc_col-lg-offset-1 vc_col-lg-7&#8243;][wgl_double_headings title_color=&#8221;#313131&#8243; subtitle_color=&#8221;#fdb900&#8243; title=&#8221;Signaler le bon emplacement&#8221; subtitle=&#8221;Signalisation&#8221;][wgl_spacing spacer_size=&#8221;30px&#8221;][vc_column_text]Nos professionnels sont des experts dans la r\u00e9alisation de signal\u00e9tique pour les chantiers et la voie publique. Nous poss\u00e9dons notre propre atelier o\u00f9 nous pourrons vous conseiller, concevoir et \u00e9laborer le panneau que vous souhaitez.[\/vc_column_text][\/vc_column_inner][\/vc_row_inner][wgl_spacing spacer_size=&#8221;50px&#8221;][\/vc_column][vc_column css=&#8221;.vc_custom_1629100012749{background-image: url(https:\/\/iturria.net\/wp-content\/uploads\/2021\/08\/IMG-20180313-WA0004-1.jpg?id=1630) !important;background-position: center !important;background-repeat: no-repeat !important;background-size: cover !important;}&#8221; offset=&#8221;vc_col-md-6&#8243;][wgl_spacing spacer_size=&#8221;300&#8243;][\/vc_column][\/vc_row][vc_row full_width=&#8221;stretch_row&#8221; css=&#8221;.vc_custom_1629100372150{background-color: #d3d3d3 !important;}&#8221;][vc_column][vc_column_text]\n<h4 style=\"text-align: center;\">Nous concevons les panneaux dans nos installations et les montons sur site avec leurs postes correspondants.<\/h4>\n[\/vc_column_text][wgl_spacing spacer_size=&#8221;40px&#8221;][\/vc_column][\/vc_row][vc_row full_width=&#8221;stretch_row&#8221; el_id=&#8221;horizontal-vertical&#8221;][vc_column][wgl_spacing spacer_size=&#8221;30px&#8221;][vc_column_text css=&#8221;.vc_custom_1650546101001{margin-top: 0px !important;margin-bottom: 15px !important;border-top-width: 0px !important;padding-top: 0px !important;}&#8221;]\n<h2 style=\"padding-top: 0px; text-align: center;\">SIGNALISATION HORIZONTALE ET VERTICALE<\/h2>\n[\/vc_column_text][wgl_spacing spacer_size=&#8221;50px&#8221;][vc_row_inner equal_height=&#8221;yes&#8221;][vc_column_inner el_class=&#8221;two-rows&#8221; width=&#8221;1\/3&#8243; css=&#8221;.vc_custom_1629098191802{margin-bottom: 15px !important;}&#8221;][vc_single_image image=&#8221;1619&#8243; img_size=&#8221;full&#8221; css_animation=&#8221;slideInDown&#8221;][\/vc_column_inner][vc_column_inner width=&#8221;1\/3&#8243; css=&#8221;.vc_custom_1621331730639{margin-bottom: 15px !important;}&#8221;][vc_single_image image=&#8221;1620&#8243; img_size=&#8221;full&#8221;][wgl_spacing spacer_size=&#8221;30px&#8221;][vc_single_image image=&#8221;1629&#8243; img_size=&#8221;full&#8221; css_animation=&#8221;slideInUp&#8221;][\/vc_column_inner][vc_column_inner width=&#8221;1\/3&#8243;][vc_column_text]\n<p style=\"text-align: center;\">Que ce soient pour des travaux de peinture aussi bien sur route qu\u2019en ville, convoyeurs \u00e0 bandes, passages pi\u00e9tons et tout type de symbolique de circulation,\u00a0 la peinture utilis\u00e9e est de la peinture sp\u00e9cialement con\u00e7ue pour le trafic homologu\u00e9e par la CE. De plus, nous travaillons avec de l\u2019Acrylique et de la peinture \u00e0 deux composants.<\/p>\n[\/vc_column_text][wgl_spacing spacer_size=&#8221;30px&#8221;][vc_single_image image=&#8221;7490&#8243; img_size=&#8221;full&#8221; css_animation=&#8221;slideInRight&#8221;][\/vc_column_inner][\/vc_row_inner][wgl_spacing spacer_size=&#8221;50px&#8221;][\/vc_column][\/vc_row][vc_row full_width=&#8221;stretch_row&#8221; css=&#8221;.vc_custom_1627371443722{background-color: #f9f9f9 !important;}&#8221; el_id=&#8221;carretera-urbana&#8221;][vc_column][wgl_spacing spacer_size=&#8221;30px&#8221;][vc_column_text css=&#8221;.vc_custom_1650546118263{margin-top: 0px !important;margin-bottom: 15px !important;border-top-width: 0px !important;padding-top: 0px !important;}&#8221;]\n<h2 style=\"padding-top: 0px; text-align: center;\">SIGNALISATION ROUTI\u00c8RE ET URBAINE<\/h2>\n[\/vc_column_text][wgl_spacing spacer_size=&#8221;50px&#8221;][vc_row_inner equal_height=&#8221;yes&#8221;][vc_column_inner el_class=&#8221;texto-ba\u00f1&#8221; width=&#8221;1\/3&#8243; css=&#8221;.vc_custom_1629099775202{margin-bottom: 15px !important;}&#8221;][vc_column_text css=&#8221;.vc_custom_1650546141985{padding-top: 0px !important;padding-bottom: 30px !important;}&#8221;]\n<p style=\"text-align: center;\">Nous r\u00e9alisons \u00e9galement des travaux pour la voie publique, la signalisation du Code et directionnelle, ainsi que des affiches r\u00e9pondant \u00e0 vos besoins. Les mat\u00e9riaux utilis\u00e9s sont choisis par le client, qu&#8217;il s&#8217;agisse d\u2019Acier laqu\u00e9, de Galfan ou d\u2019Aluminium.<\/p>\n[\/vc_column_text][vc_single_image image=&#8221;1627&#8243; img_size=&#8221;full&#8221; css_animation=&#8221;slideInLeft&#8221;][\/vc_column_inner][vc_column_inner width=&#8221;1\/3&#8243; css=&#8221;.vc_custom_1621330980597{margin-bottom: 15px !important;}&#8221;][vc_single_image image=&#8221;1624&#8243; img_size=&#8221;full&#8221; css_animation=&#8221;slideInLeft&#8221;][\/vc_column_inner][vc_column_inner width=&#8221;1\/3&#8243; css=&#8221;.vc_custom_1621405864579{padding-top: 15px !important;padding-bottom: 15px !important;}&#8221;][vc_single_image image=&#8221;1622&#8243; img_size=&#8221;full&#8221; css_animation=&#8221;slideInUp&#8221;][\/vc_column_inner][\/vc_row_inner][wgl_spacing spacer_size=&#8221;50px&#8221;][\/vc_column][\/vc_row][vc_row][vc_column width=&#8221;1\/2&#8243; offset=&#8221;vc_col-lg-5&#8243;][wgl_double_headings title_color=&#8221;#313131&#8243; subtitle_color=&#8221;#fdb900&#8243; title=&#8221;Contactez-nous maintenant&#8221; subtitle=&#8221;Contact&#8221;][wgl_spacing spacer_size=&#8221;24&#8243;][wgl_info_box icon_type=&#8221;font&#8221; icon_font_type=&#8221;type_flaticon&#8221; icon_flaticon=&#8221;flaticon-pin&#8221; title_size=&#8221;18&#8243; title_bot_offset=&#8221;0&#8243; ib_title=&#8221;O\u00f9 nous sommes:&#8221; ib_content=&#8221;Pol\u00edgono Arretxe-Ugalde, parcela 4<br \/>\nEzurriki kalea N\u00ba6<br \/>\n20305 &#8211; IRUN (Barrio de Ventas)&#8221; custom_icon_bg_width=&#8221;40&#8243; custom_icon_bg_height=&#8221;50&#8243; icon_offsets=&#8221;.vc_custom_1728029928856{margin-right: 30px !important;}&#8221; extra_class=&#8221;contacto-visitenos&#8221;][wgl_spacing spacer_size=&#8221;20&#8243;][wgl_info_box ib_layout=&#8221;left&#8221; icon_type=&#8221;font&#8221; icon_font_type=&#8221;type_flaticon&#8221; icon_flaticon=&#8221;flaticon-mail&#8221; title_size=&#8221;18&#8243; title_bot_offset=&#8221;0&#8243; ib_title=&#8221;E-mail:&#8221; custom_icon_bg_width=&#8221;40&#8243; custom_icon_bg_height=&#8221;50&#8243; icon_offsets=&#8221;.vc_custom_1728029507153{margin-right: 30px !important;}&#8221; extra_class=&#8221;contacto-visitenos&#8221; ib_content=&#8221;iturria@iturria.net<br \/>\nalmacen@iturria.net&#8221;][wgl_spacing spacer_size=&#8221;20&#8243;][wgl_info_box ib_layout=&#8221;left&#8221; icon_type=&#8221;font&#8221; icon_font_type=&#8221;type_flaticon&#8221; icon_flaticon=&#8221;flaticon-phone&#8221; title_size=&#8221;18&#8243; title_bot_offset=&#8221;0&#8243; ib_title=&#8221;T\u00e9l\u00e9phone:&#8221; ib_content=&#8221;(+34) 943 633 188&#8243; custom_icon_bg_width=&#8221;40&#8243; custom_icon_bg_height=&#8221;50&#8243; icon_offsets=&#8221;.vc_custom_1650547135570{margin-right: 30px !important;}&#8221;][\/vc_column][vc_column width=&#8221;1\/2&#8243; offset=&#8221;vc_col-lg-offset-1&#8243; css=&#8221;.vc_custom_1545047395474{margin-top: 15px !important;padding-top: 0px !important;padding-right: 45px !important;padding-left: 45px !important;background-color: #ffffff !important;}&#8221; el_class=&#8221;box-shadow-1 fullwidth-input&#8221;][wgl_spacing spacer_size=&#8221;38&#8243;][wgl_custom_text font_size=&#8221;30&#8243;]\n<h3>Contactez-nous<\/h3>\n[\/wgl_custom_text][wgl_spacing spacer_size=&#8221;24&#8243;]\n<div class=\"wpcf7 no-js\" id=\"wpcf7-f6128-o1\" lang=\"fr-FR\" dir=\"ltr\" data-wpcf7-id=\"6128\">\n<div class=\"screen-reader-response\"><p role=\"status\" aria-live=\"polite\" aria-atomic=\"true\"><\/p> <ul><\/ul><\/div>\n<form action=\"\/fr\/wp-json\/wp\/v2\/pages\/5410#wpcf7-f6128-o1\" method=\"post\" class=\"wpcf7-form init\" aria-label=\"Formulaire de contact\" novalidate=\"novalidate\" data-status=\"init\">\n<fieldset class=\"hidden-fields-container\"><input type=\"hidden\" name=\"_wpcf7\" value=\"6128\" \/><input type=\"hidden\" name=\"_wpcf7_version\" value=\"6.1.5\" \/><input type=\"hidden\" name=\"_wpcf7_locale\" value=\"fr_FR\" \/><input type=\"hidden\" name=\"_wpcf7_unit_tag\" value=\"wpcf7-f6128-o1\" \/><input type=\"hidden\" name=\"_wpcf7_container_post\" value=\"0\" \/><input type=\"hidden\" name=\"_wpcf7_posted_data_hash\" value=\"\" \/><input type=\"hidden\" name=\"_wpcf7_recaptcha_response\" value=\"\" \/>\n<\/fieldset>\n<div class='row'>\n\t<div class='wgl_col-12'>\n\t\t<p><span class=\"wpcf7-form-control-wrap\" data-name=\"your-name\"><input size=\"40\" maxlength=\"400\" class=\"wpcf7-form-control wpcf7-text wpcf7-validates-as-required\" aria-required=\"true\" aria-invalid=\"false\" placeholder=\"Nom*\" value=\"\" type=\"text\" name=\"your-name\" \/><\/span>\n\t\t<\/p>\n\t<\/div>\n\t<div class='wgl_col-12'>\n\t\t<p><span class=\"wpcf7-form-control-wrap\" data-name=\"your-email\"><input size=\"40\" maxlength=\"400\" class=\"wpcf7-form-control wpcf7-email wpcf7-validates-as-required wpcf7-text wpcf7-validates-as-email\" aria-required=\"true\" aria-invalid=\"false\" placeholder=\"E-mail*\" value=\"\" type=\"email\" name=\"your-email\" \/><\/span>\n\t\t<\/p>\n\t<\/div>\n\t<div class='wgl_col-12'>\n\t\t<p><span class=\"wpcf7-form-control-wrap\" data-name=\"your-message\"><textarea cols=\"40\" rows=\"10\" maxlength=\"2000\" class=\"wpcf7-form-control wpcf7-textarea wpcf7-validates-as-required\" aria-required=\"true\" aria-invalid=\"false\" placeholder=\"Message...\" name=\"your-message\"><\/textarea><\/span>\n\t\t<\/p>\n\t<\/div>\n<\/div>\n<p><input class=\"wpcf7-form-control wpcf7-submit has-spinner\" type=\"submit\" value=\"ENVOYER\" \/>\n<\/p><div class=\"wpcf7-response-output\" aria-hidden=\"true\"><\/div>\n<\/form>\n<\/div>\n[wgl_custom_text font_size=&#8221;13&#8243; line_height=&#8221;20&#8243;]<span style=\"color: #313131;\">* Accepter les termes de la politique de confidentialit\u00e9<\/span>[\/wgl_custom_text][wgl_spacing spacer_size=&#8221;38&#8243;][\/vc_column][\/vc_row][vc_row][vc_column][vc_empty_space height=&#8221;100px&#8221;][\/vc_column][\/vc_row][vc_row][vc_column width=&#8221;1\/2&#8243;][vc_column_text css=&#8221;.vc_custom_1721814381220{margin-top: 20px !important;border-top-width: px !important;padding-bottom: 40px !important;}&#8221;]\n<h4 style=\"text-align: center;\">Venez voir nos produits en exposition \u00e0 <strong>10 minutes<\/strong> de la fronti\u00e8re Fran\u00e7aise.<\/h4>\n[\/vc_column_text][\/vc_column][vc_column width=&#8221;1\/2&#8243; css=&#8221;.vc_custom_1721813901668{padding-right: 45px !important;padding-left: 45px !important;}&#8221;][vc_images_carousel images=&#8221;10196,10193,10190,10187,10149,10208,10202,10199&#8243; img_size=&#8221;550&#215;600&#8243; speed=&#8221;1000&#8243; slides_per_view=&#8221;3&#8243; autoplay=&#8221;yes&#8221; hide_pagination_control=&#8221;yes&#8221; wrap=&#8221;yes&#8221;][\/vc_column][\/vc_row][vc_row][vc_column][wgl_spacing spacer_size=&#8221;50&#8243;][vc_column_text]<div id=\"wpgmza_map\" class=\"wpgmza_map\" data-settings='{\"id\":\"1\",\"map_title\":\"Nuevo mapa\",\"map_width\":\"100\",\"map_height\":\"400\",\"map_start_lat\":\"43.330202581029646\",\"map_start_lng\":\"-1.8077812821926087\",\"map_start_location\":\"45.950464398418106,-109.81550500000003\",\"map_start_zoom\":\"17\",\"default_marker\":\"\",\"type\":\"1\",\"alignment\":\"4\",\"directions_enabled\":\"0\",\"styling_enabled\":\"0\",\"styling_json\":\"\",\"active\":\"0\",\"kml\":\"\",\"bicycle\":\"0\",\"traffic\":\"0\",\"dbox\":\"0\",\"dbox_width\":\"\",\"listmarkers\":\"0\",\"listmarkers_advanced\":\"0\",\"filterbycat\":\"0\",\"ugm_enabled\":\"0\",\"ugm_category_enabled\":\"0\",\"fusion\":\"\",\"map_width_type\":\"%\",\"map_height_type\":\"px\",\"mass_marker_support\":\"0\",\"ugm_access\":\"0\",\"order_markers_by\":\"0\",\"order_markers_choice\":\"0\",\"show_user_location\":\"0\",\"default_to\":\"\",\"other_settings\":{\"map_type\":1,\"sl_stroke_color\":\"\",\"sl_fill_color\":\"\",\"sl_stroke_opacity\":\"\",\"sl_fill_opacity\":\"\",\"transport_layer\":false,\"action\":\"wpgmza_save_map\",\"redirect_to\":\"\\\/wp-admin\\\/admin-post.php\",\"map_id\":\"1\",\"http_referer\":\"\\\/wp-admin\\\/admin.php?page=wp-google-maps-menu&amp;action=edit&amp;map_id=1\",\"wpgmza_id\":\"1\",\"wpgmza_start_location\":\"43.330202581029646,-1.8077812821926087\",\"wpgmza_start_zoom\":\"17\",\"wpgmza_theme_data\":\"\",\"store_locator_enabled\":false,\"store_locator_search_area\":\"radial\",\"wpgmza_store_locator_radius_style\":\"legacy\",\"wpgmza_store_locator_default_radius\":\"10\",\"store_locator_auto_area_max_zoom\":\"\",\"store_locator_distance\":false,\"wpgmza_store_locator_position\":false,\"store_locator_show_distance\":false,\"store_locator_category\":false,\"wpgmza_store_locator_use_their_location\":false,\"wpgmza_store_locator_bounce\":false,\"wpgmza_sl_animation\":null,\"wpgmza_store_locator_hide_before_search\":false,\"store_locator_query_string\":\"\",\"store_locator_default_address\":\"\",\"store_locator_name_search\":false,\"store_locator_name_string\":\"\",\"store_locator_not_found_message\":\"\",\"wpgmza_map_align\":\"1\",\"jump_to_nearest_marker_on_initialization\":false,\"automatically_pan_to_users_location\":false,\"override_users_location_zoom_level\":false,\"override_users_location_zoom_levels\":\"\",\"show_distance_from_location\":false,\"map_max_zoom\":\"21\",\"map_min_zoom\":\"0\",\"click_open_link\":false,\"fit_maps_bounds_to_markers\":false,\"fit_maps_bounds_to_markers_after_filtering\":false,\"hide_point_of_interest\":false,\"wpgmza_zoom_on_marker_click\":false,\"wpgmza_zoom_on_marker_click_slider\":\"\",\"close_infowindow_on_map_click\":false,\"disable_lightbox_images\":false,\"use_Raw_Jpeg_Coordinates\":false,\"polygon_labels\":false,\"disable_polygon_info_windows\":false,\"enable_marker_ratings\":false,\"only_load_markers_within_viewport\":false,\"iw_primary_color\":\"\",\"iw_accent_color\":\"\",\"iw_text_color\":\"\",\"wpgmza_listmarkers_by\":\"0\",\"wpgmza_marker_listing_position\":false,\"wpgmza_push_in_map\":false,\"wpgmza_push_in_map_placement\":null,\"wpgmza_push_in_map_width\":\"\",\"wpgmza_push_in_map_height\":\"\",\"datatable_no_result_message\":\"\",\"remove_search_box_datables\":false,\"dataTable_pagination_style\":null,\"datatable_search_string\":\"\",\"datatable_result_start\":\"\",\"datatable_result_of\":\"\",\"datatable_result_to\":\"\",\"datatable_result_total\":\"\",\"datatable_result_show\":\"\",\"datatable_result_entries\":\"\",\"wpgmza_savemap\":\"Guardar Mapa \\u00bb\"}}' data-map-id='1' Data-maps-engine='google-maps' data-shortcode-attributes='{\"id\":\"1\"}' style=\"display:block; overflow:auto; width:100%; height:400px; float:left;\"><\/div>[\/vc_column_text][\/vc_column][\/vc_row]\n","protected":false},"excerpt":{"rendered":"<p>[vc_row][vc_column][vc_raw_html]JTNDZGl2JTIwY2xhc3MlM0QlMjJsaW5rcyUyMiUzRSUwQSUzQ2ElMjBocmVmJTNEJTIyJTIzaG9yaXpvbnRhbC12ZXJ0aWNhbCUyMiUzRVNJR05BTElTQVRJT04lMjBIT1JJWk9OVEFMRSUyMEVUJTIwVkVSVElDQUxFJTNDJTJGYSUzRSUwQSUzQ2ElMjBocmVmJTNEJTIyJTIzY2FycmV0ZXJhLXVyYmFuYSUyMiUzRVNJR05BTElTQVRJT04lMjBST1VUSSVDMyU4OFJFJTIwRVQlMjBVUkJBSU5FJTNDJTJGYSUzRSUwQSUzQyUyRmRpdiUzRSUwQSUzQ2RpdiUyMGNsYXNzJTNEJTIybGlua3MtZml4ZWQlMjIlM0UlMEElM0NhJTIwaHJlZiUzRCUyMiUyM2hvcml6b250YWwtdmVydGljYWwlMjIlM0VTSUdOQUxJU0FUSU9OJTIwSE9SSVpPTlRBTEUlMjBFVCUyMFZFUlRJQ0FMRSUyRmElM0UlMEElM0NhJTIwaHJlZiUzRCUyMiUyM2NhcnJldGVyYS11cmJhbmElMjIlM0VTSUdOQUxJU0FUSU9OJTIwUk9VVEklQzMlODhSRSUyMEVUJTIwVVJCQUlORSUzQyUyRmElM0UlMEElM0MlMkZkaXYlM0U=[\/vc_raw_html][\/vc_column][\/vc_row][vc_row full_width=&#8221;stretch_row_content_no_spaces&#8221; equal_height=&#8221;yes&#8221; css=&#8221;.vc_custom_1620898707650{background-color: #f9f9f9 !important;}&#8221;][vc_column offset=&#8221;vc_col-md-6&#8243;][wgl_spacing spacer_size=&#8221;50px&#8221;][vc_row_inner][vc_column_inner offset=&#8221;vc_col-lg-offset-1 vc_col-lg-7&#8243;][wgl_double_headings title_color=&#8221;#313131&#8243; subtitle_color=&#8221;#fdb900&#8243; title=&#8221;Signaler le bon emplacement&#8221; subtitle=&#8221;Signalisation&#8221;][wgl_spacing spacer_size=&#8221;30px&#8221;][vc_column_text]Nos professionnels sont des experts dans la r\u00e9alisation de signal\u00e9tique pour les chantiers et la voie publique. Nous poss\u00e9dons notre propre atelier o\u00f9 nous pourrons vous conseiller, concevoir et \u00e9laborer le panneau que vous souhaitez.[\/vc_column_text][\/vc_column_inner][\/vc_row_inner][wgl_spacing spacer_size=&#8221;50px&#8221;][\/vc_column][vc_column css=&#8221;.vc_custom_1629100012749{background-image: url(https:\/\/iturria.net\/wp-content\/uploads\/2021\/08\/IMG-20180313-WA0004-1.jpg?id=1630) [&hellip;]<\/p>\n","protected":false},"author":1,"featured_media":0,"parent":0,"menu_order":0,"comment_status":"closed","ping_status":"closed","template":"","meta":{"_acf_changed":false,"footnotes":""},"class_list":["post-5410","page","type-page","status-publish","hentry"],"acf":[],"yoast_head":"<!-- This site is optimized with the Yoast SEO plugin v27.4 - https:\/\/yoast.com\/product\/yoast-seo-wordpress\/ -->\n<title>Signalisation - Iturria<\/title>\n<meta name=\"robots\" content=\"index, follow, max-snippet:-1, max-image-preview:large, max-video-preview:-1\" \/>\n<link rel=\"canonical\" href=\"https:\/\/iturria.net\/fr\/senalizacion\/\" \/>\n<meta property=\"og:locale\" content=\"fr_FR\" \/>\n<meta property=\"og:type\" content=\"article\" \/>\n<meta property=\"og:title\" content=\"Signalisation - Iturria\" \/>\n<meta property=\"og:description\" content=\"[vc_row][vc_column][vc_raw_html]JTNDZGl2JTIwY2xhc3MlM0QlMjJsaW5rcyUyMiUzRSUwQSUzQ2ElMjBocmVmJTNEJTIyJTIzaG9yaXpvbnRhbC12ZXJ0aWNhbCUyMiUzRVNJR05BTElTQVRJT04lMjBIT1JJWk9OVEFMRSUyMEVUJTIwVkVSVElDQUxFJTNDJTJGYSUzRSUwQSUzQ2ElMjBocmVmJTNEJTIyJTIzY2FycmV0ZXJhLXVyYmFuYSUyMiUzRVNJR05BTElTQVRJT04lMjBST1VUSSVDMyU4OFJFJTIwRVQlMjBVUkJBSU5FJTNDJTJGYSUzRSUwQSUzQyUyRmRpdiUzRSUwQSUzQ2RpdiUyMGNsYXNzJTNEJTIybGlua3MtZml4ZWQlMjIlM0UlMEElM0NhJTIwaHJlZiUzRCUyMiUyM2hvcml6b250YWwtdmVydGljYWwlMjIlM0VTSUdOQUxJU0FUSU9OJTIwSE9SSVpPTlRBTEUlMjBFVCUyMFZFUlRJQ0FMRSUyRmElM0UlMEElM0NhJTIwaHJlZiUzRCUyMiUyM2NhcnJldGVyYS11cmJhbmElMjIlM0VTSUdOQUxJU0FUSU9OJTIwUk9VVEklQzMlODhSRSUyMEVUJTIwVVJCQUlORSUzQyUyRmElM0UlMEElM0MlMkZkaXYlM0U=[\/vc_raw_html][\/vc_column][\/vc_row][vc_row full_width=&#8221;stretch_row_content_no_spaces&#8221; equal_height=&#8221;yes&#8221; css=&#8221;.vc_custom_1620898707650{background-color: #f9f9f9 !important;}&#8221;][vc_column offset=&#8221;vc_col-md-6&#8243;][wgl_spacing spacer_size=&#8221;50px&#8221;][vc_row_inner][vc_column_inner offset=&#8221;vc_col-lg-offset-1 vc_col-lg-7&#8243;][wgl_double_headings title_color=&#8221;#313131&#8243; subtitle_color=&#8221;#fdb900&#8243; title=&#8221;Signaler le bon emplacement&#8221; subtitle=&#8221;Signalisation&#8221;][wgl_spacing spacer_size=&#8221;30px&#8221;][vc_column_text]Nos professionnels sont des experts dans la r\u00e9alisation de signal\u00e9tique pour les chantiers et la voie publique. Nous poss\u00e9dons notre propre atelier o\u00f9 nous pourrons vous conseiller, concevoir et \u00e9laborer le panneau que vous souhaitez.[\/vc_column_text][\/vc_column_inner][\/vc_row_inner][wgl_spacing spacer_size=&#8221;50px&#8221;][\/vc_column][vc_column css=&#8221;.vc_custom_1629100012749{background-image: url(https:\/\/iturria.net\/wp-content\/uploads\/2021\/08\/IMG-20180313-WA0004-1.jpg?id=1630) [&hellip;]\" \/>\n<meta property=\"og:url\" content=\"https:\/\/iturria.net\/fr\/senalizacion\/\" \/>\n<meta property=\"og:site_name\" content=\"Iturria\" \/>\n<meta property=\"article:modified_time\" content=\"2024-10-04T09:11:02+00:00\" \/>\n<meta name=\"twitter:card\" content=\"summary_large_image\" \/>\n<meta name=\"twitter:label1\" content=\"Dur\u00e9e de lecture estim\u00e9e\" \/>\n\t<meta name=\"twitter:data1\" content=\"5 minutes\" \/>\n<script type=\"application\/ld+json\" class=\"yoast-schema-graph\">{\"@context\":\"https:\\\/\\\/schema.org\",\"@graph\":[{\"@type\":\"WebPage\",\"@id\":\"https:\\\/\\\/iturria.net\\\/fr\\\/senalizacion\\\/\",\"url\":\"https:\\\/\\\/iturria.net\\\/fr\\\/senalizacion\\\/\",\"name\":\"Signalisation - Iturria\",\"isPartOf\":{\"@id\":\"https:\\\/\\\/iturria.net\\\/#website\"},\"datePublished\":\"2021-07-27T07:16:17+00:00\",\"dateModified\":\"2024-10-04T09:11:02+00:00\",\"breadcrumb\":{\"@id\":\"https:\\\/\\\/iturria.net\\\/fr\\\/senalizacion\\\/#breadcrumb\"},\"inLanguage\":\"fr-FR\",\"potentialAction\":[{\"@type\":\"ReadAction\",\"target\":[\"https:\\\/\\\/iturria.net\\\/fr\\\/senalizacion\\\/\"]}]},{\"@type\":\"BreadcrumbList\",\"@id\":\"https:\\\/\\\/iturria.net\\\/fr\\\/senalizacion\\\/#breadcrumb\",\"itemListElement\":[{\"@type\":\"ListItem\",\"position\":1,\"name\":\"Portada\",\"item\":\"https:\\\/\\\/iturria.net\\\/fr\\\/\"},{\"@type\":\"ListItem\",\"position\":2,\"name\":\"Signalisation\"}]},{\"@type\":\"WebSite\",\"@id\":\"https:\\\/\\\/iturria.net\\\/#website\",\"url\":\"https:\\\/\\\/iturria.net\\\/\",\"name\":\"Iturria\",\"description\":\"Mat. de construcci\u00f3n, cocinas, ba\u00f1os...\",\"potentialAction\":[{\"@type\":\"SearchAction\",\"target\":{\"@type\":\"EntryPoint\",\"urlTemplate\":\"https:\\\/\\\/iturria.net\\\/?s={search_term_string}\"},\"query-input\":{\"@type\":\"PropertyValueSpecification\",\"valueRequired\":true,\"valueName\":\"search_term_string\"}}],\"inLanguage\":\"fr-FR\"}]}<\/script>\n<!-- \/ Yoast SEO plugin. -->","yoast_head_json":{"title":"Signalisation - Iturria","robots":{"index":"index","follow":"follow","max-snippet":"max-snippet:-1","max-image-preview":"max-image-preview:large","max-video-preview":"max-video-preview:-1"},"canonical":"https:\/\/iturria.net\/fr\/senalizacion\/","og_locale":"fr_FR","og_type":"article","og_title":"Signalisation - Iturria","og_description":"[vc_row][vc_column][vc_raw_html]JTNDZGl2JTIwY2xhc3MlM0QlMjJsaW5rcyUyMiUzRSUwQSUzQ2ElMjBocmVmJTNEJTIyJTIzaG9yaXpvbnRhbC12ZXJ0aWNhbCUyMiUzRVNJR05BTElTQVRJT04lMjBIT1JJWk9OVEFMRSUyMEVUJTIwVkVSVElDQUxFJTNDJTJGYSUzRSUwQSUzQ2ElMjBocmVmJTNEJTIyJTIzY2FycmV0ZXJhLXVyYmFuYSUyMiUzRVNJR05BTElTQVRJT04lMjBST1VUSSVDMyU4OFJFJTIwRVQlMjBVUkJBSU5FJTNDJTJGYSUzRSUwQSUzQyUyRmRpdiUzRSUwQSUzQ2RpdiUyMGNsYXNzJTNEJTIybGlua3MtZml4ZWQlMjIlM0UlMEElM0NhJTIwaHJlZiUzRCUyMiUyM2hvcml6b250YWwtdmVydGljYWwlMjIlM0VTSUdOQUxJU0FUSU9OJTIwSE9SSVpPTlRBTEUlMjBFVCUyMFZFUlRJQ0FMRSUyRmElM0UlMEElM0NhJTIwaHJlZiUzRCUyMiUyM2NhcnJldGVyYS11cmJhbmElMjIlM0VTSUdOQUxJU0FUSU9OJTIwUk9VVEklQzMlODhSRSUyMEVUJTIwVVJCQUlORSUzQyUyRmElM0UlMEElM0MlMkZkaXYlM0U=[\/vc_raw_html][\/vc_column][\/vc_row][vc_row full_width=&#8221;stretch_row_content_no_spaces&#8221; equal_height=&#8221;yes&#8221; css=&#8221;.vc_custom_1620898707650{background-color: #f9f9f9 !important;}&#8221;][vc_column offset=&#8221;vc_col-md-6&#8243;][wgl_spacing spacer_size=&#8221;50px&#8221;][vc_row_inner][vc_column_inner offset=&#8221;vc_col-lg-offset-1 vc_col-lg-7&#8243;][wgl_double_headings title_color=&#8221;#313131&#8243; subtitle_color=&#8221;#fdb900&#8243; title=&#8221;Signaler le bon emplacement&#8221; subtitle=&#8221;Signalisation&#8221;][wgl_spacing spacer_size=&#8221;30px&#8221;][vc_column_text]Nos professionnels sont des experts dans la r\u00e9alisation de signal\u00e9tique pour les chantiers et la voie publique. Nous poss\u00e9dons notre propre atelier o\u00f9 nous pourrons vous conseiller, concevoir et \u00e9laborer le panneau que vous souhaitez.[\/vc_column_text][\/vc_column_inner][\/vc_row_inner][wgl_spacing spacer_size=&#8221;50px&#8221;][\/vc_column][vc_column css=&#8221;.vc_custom_1629100012749{background-image: url(https:\/\/iturria.net\/wp-content\/uploads\/2021\/08\/IMG-20180313-WA0004-1.jpg?id=1630) [&hellip;]","og_url":"https:\/\/iturria.net\/fr\/senalizacion\/","og_site_name":"Iturria","article_modified_time":"2024-10-04T09:11:02+00:00","twitter_card":"summary_large_image","twitter_misc":{"Dur\u00e9e de lecture estim\u00e9e":"5 minutes"},"schema":{"@context":"https:\/\/schema.org","@graph":[{"@type":"WebPage","@id":"https:\/\/iturria.net\/fr\/senalizacion\/","url":"https:\/\/iturria.net\/fr\/senalizacion\/","name":"Signalisation - Iturria","isPartOf":{"@id":"https:\/\/iturria.net\/#website"},"datePublished":"2021-07-27T07:16:17+00:00","dateModified":"2024-10-04T09:11:02+00:00","breadcrumb":{"@id":"https:\/\/iturria.net\/fr\/senalizacion\/#breadcrumb"},"inLanguage":"fr-FR","potentialAction":[{"@type":"ReadAction","target":["https:\/\/iturria.net\/fr\/senalizacion\/"]}]},{"@type":"BreadcrumbList","@id":"https:\/\/iturria.net\/fr\/senalizacion\/#breadcrumb","itemListElement":[{"@type":"ListItem","position":1,"name":"Portada","item":"https:\/\/iturria.net\/fr\/"},{"@type":"ListItem","position":2,"name":"Signalisation"}]},{"@type":"WebSite","@id":"https:\/\/iturria.net\/#website","url":"https:\/\/iturria.net\/","name":"Iturria","description":"Mat. de construcci\u00f3n, cocinas, ba\u00f1os...","potentialAction":[{"@type":"SearchAction","target":{"@type":"EntryPoint","urlTemplate":"https:\/\/iturria.net\/?s={search_term_string}"},"query-input":{"@type":"PropertyValueSpecification","valueRequired":true,"valueName":"search_term_string"}}],"inLanguage":"fr-FR"}]}},"_links":{"self":[{"href":"https:\/\/iturria.net\/fr\/wp-json\/wp\/v2\/pages\/5410","targetHints":{"allow":["GET"]}}],"collection":[{"href":"https:\/\/iturria.net\/fr\/wp-json\/wp\/v2\/pages"}],"about":[{"href":"https:\/\/iturria.net\/fr\/wp-json\/wp\/v2\/types\/page"}],"author":[{"embeddable":true,"href":"https:\/\/iturria.net\/fr\/wp-json\/wp\/v2\/users\/1"}],"replies":[{"embeddable":true,"href":"https:\/\/iturria.net\/fr\/wp-json\/wp\/v2\/comments?post=5410"}],"version-history":[{"count":5,"href":"https:\/\/iturria.net\/fr\/wp-json\/wp\/v2\/pages\/5410\/revisions"}],"predecessor-version":[{"id":10328,"href":"https:\/\/iturria.net\/fr\/wp-json\/wp\/v2\/pages\/5410\/revisions\/10328"}],"wp:attachment":[{"href":"https:\/\/iturria.net\/fr\/wp-json\/wp\/v2\/media?parent=5410"}],"curies":[{"name":"wp","href":"https:\/\/api.w.org\/{rel}","templated":true}]}}