{"id":5418,"date":"2022-01-19T10:49:54","date_gmt":"2022-01-19T10:49:54","guid":{"rendered":"https:\/\/iturria.net\/conocenos\/"},"modified":"2022-05-06T15:04:41","modified_gmt":"2022-05-06T15:04:41","slug":"conocenos","status":"publish","type":"page","link":"https:\/\/iturria.net\/fr\/conocenos\/","title":{"rendered":"D\u00e9couvrez-nous"},"content":{"rendered":"[vc_row full_width=&#8221;stretch_row&#8221;][vc_column][vc_column_text]\n<h3 style=\"text-align: center;\">D\u2019une entreprise familiale \u00e0 une grande famille<\/h3>\n[\/vc_column_text][wgl_spacing spacer_size=&#8221;90px&#8221;][\/vc_column][\/vc_row][vc_row full_width=&#8221;stretch_row&#8221; css_animation=&#8221;fadeIn&#8221; el_class=&#8221;ferreteria-section&#8221;][vc_column width=&#8221;5\/12&#8243; el_class=&#8221;order-2&#8243;][vc_single_image image=&#8221;3150&#8243; img_size=&#8221;full&#8221; css_animation=&#8221;fadeIn&#8221;][wgl_spacing spacer_size=&#8221;35px&#8221;][\/vc_column][vc_column width=&#8221;2\/12&#8243; el_class=&#8221;none&#8221;][vc_raw_html el_class=&#8221;timeline&#8221;]JTNDZGl2JTNFJTNDc3BhbiUzRSUzQyUyRnNwYW4lM0UlM0MlMkZkaXYlM0U=[\/vc_raw_html][\/vc_column][vc_column width=&#8221;5\/12&#8243; el_class=&#8221;order-1&#8243;][vc_column_text css=&#8221;.vc_custom_1642591175315{margin-top: 0px !important;margin-bottom: 15px !important;border-top-width: 0px !important;padding-top: 0px !important;}&#8221;]\n<h1 style=\"text-align: center;\">1895<\/h1>\n[\/vc_column_text][vc_column_text]\n<p style=\"text-align: center;\">Ceferino Iturria Etxeberria na\u00eet \u00e0 Lesaka.<\/p>\n[\/vc_column_text][\/vc_column][\/vc_row][vc_row full_width=&#8221;stretch_row&#8221; css_animation=&#8221;fadeIn&#8221; el_class=&#8221;ferreteria-section&#8221;][vc_column width=&#8221;5\/12&#8243; el_class=&#8221;order-1&#8243;][vc_column_text css=&#8221;.vc_custom_1642591139570{margin-top: 0px !important;margin-bottom: 15px !important;border-top-width: 0px !important;padding-top: 0px !important;}&#8221;]\n<h1 style=\"text-align: center;\">1914<\/h1>\n[\/vc_column_text][vc_column_text]\n<p style=\"text-align: center;\">\u00c0 19 ans \u00e0 peine, il \u00e9migre vers les \u00c9tats-Unis et apprend l\u2019anglais.<\/p>\n[\/vc_column_text][\/vc_column][vc_column width=&#8221;2\/12&#8243; el_class=&#8221;none&#8221;][vc_raw_html el_class=&#8221;timeline&#8221;]JTNDZGl2JTNFJTNDc3BhbiUzRSUzQyUyRnNwYW4lM0UlM0MlMkZkaXYlM0U=[\/vc_raw_html][\/vc_column][vc_column width=&#8221;5\/12&#8243; el_class=&#8221;order-2&#8243;][vc_single_image image=&#8221;2882&#8243; img_size=&#8221;full&#8221; css_animation=&#8221;fadeIn&#8221;][wgl_spacing spacer_size=&#8221;35px&#8221;][\/vc_column][\/vc_row][vc_row full_width=&#8221;stretch_row&#8221; css_animation=&#8221;fadeIn&#8221; el_class=&#8221;ferreteria-section&#8221;][vc_column width=&#8221;5\/12&#8243; el_class=&#8221;order-2&#8243;][vc_single_image image=&#8221;2918&#8243; img_size=&#8221;full&#8221; css_animation=&#8221;fadeIn&#8221;][wgl_spacing spacer_size=&#8221;35px&#8221;][\/vc_column][vc_column width=&#8221;2\/12&#8243; el_class=&#8221;none&#8221;][vc_raw_html el_class=&#8221;timeline&#8221;]JTNDZGl2JTNFJTNDc3BhbiUzRSUzQyUyRnNwYW4lM0UlM0MlMkZkaXYlM0U=[\/vc_raw_html][\/vc_column][vc_column width=&#8221;5\/12&#8243; el_class=&#8221;order-1&#8243;][vc_column_text css=&#8221;.vc_custom_1642591184140{margin-top: 0px !important;margin-bottom: 15px !important;border-top-width: 0px !important;padding-top: 0px !important;}&#8221;]\n<h1 style=\"text-align: center;\">1915<\/h1>\n[\/vc_column_text][vc_column_text]\n<p style=\"text-align: center;\">Ceferino fait ses premiers pas dans la construction, en passant des accords entre les patrons et les op\u00e9rateurs basques.<\/p>\n[\/vc_column_text][\/vc_column][\/vc_row][vc_row full_width=&#8221;stretch_row&#8221; css_animation=&#8221;fadeIn&#8221; el_class=&#8221;ferreteria-section&#8221;][vc_column width=&#8221;5\/12&#8243; el_class=&#8221;order-1&#8243;][vc_column_text css=&#8221;.vc_custom_1642591342430{margin-top: 0px !important;margin-bottom: 15px !important;border-top-width: 0px !important;padding-top: 0px !important;}&#8221;]\n<h1 style=\"text-align: center;\">1924<\/h1>\n[\/vc_column_text][vc_column_text]\n<p style=\"text-align: center;\">Il revient aux \u00c9tats-Unis pour s\u2019installer \u00e0 Irun.<\/p>\n[\/vc_column_text][\/vc_column][vc_column width=&#8221;2\/12&#8243; el_class=&#8221;none&#8221;][vc_raw_html el_class=&#8221;timeline&#8221;]JTNDZGl2JTNFJTNDc3BhbiUzRSUzQyUyRnNwYW4lM0UlM0MlMkZkaXYlM0U=[\/vc_raw_html][\/vc_column][vc_column width=&#8221;5\/12&#8243; el_class=&#8221;order-2&#8243;][vc_single_image image=&#8221;3030&#8243; img_size=&#8221;full&#8221; css_animation=&#8221;fadeIn&#8221;][wgl_spacing spacer_size=&#8221;35px&#8221;][\/vc_column][\/vc_row][vc_row full_width=&#8221;stretch_row&#8221; css_animation=&#8221;fadeIn&#8221; el_class=&#8221;ferreteria-section&#8221;][vc_column width=&#8221;5\/12&#8243; el_class=&#8221;order-2&#8243;][vc_single_image image=&#8221;3025&#8243; img_size=&#8221;full&#8221; css_animation=&#8221;fadeIn&#8221;][wgl_spacing spacer_size=&#8221;35px&#8221;][\/vc_column][vc_column width=&#8221;2\/12&#8243; el_class=&#8221;none&#8221;][vc_raw_html el_class=&#8221;timeline&#8221;]JTNDZGl2JTNFJTNDc3BhbiUzRSUzQyUyRnNwYW4lM0UlM0MlMkZkaXYlM0U=[\/vc_raw_html][\/vc_column][vc_column width=&#8221;5\/12&#8243; el_class=&#8221;order-1&#8243;][vc_column_text css=&#8221;.vc_custom_1642591371597{margin-top: 0px !important;margin-bottom: 15px !important;border-top-width: 0px !important;padding-top: 0px !important;}&#8221;]\n<h1 style=\"text-align: center;\">1929<\/h1>\n[\/vc_column_text][vc_column_text]\n<p style=\"text-align: center;\">l profite de l\u2019essor de la construction pour appliquer ses connaissances acquises aux \u00c9tats-Unis et cr\u00e9e Iturria.<\/p>\n[\/vc_column_text][\/vc_column][\/vc_row][vc_row full_width=&#8221;stretch_row&#8221; css_animation=&#8221;fadeIn&#8221; el_class=&#8221;ferreteria-section&#8221;][vc_column width=&#8221;5\/12&#8243; el_class=&#8221;order-1&#8243;][vc_column_text css=&#8221;.vc_custom_1642591396415{margin-top: 0px !important;margin-bottom: 15px !important;border-top-width: 0px !important;padding-top: 0px !important;}&#8221;]\n<h1 style=\"text-align: center;\">1944<\/h1>\n[\/vc_column_text][vc_column_text]\n<p style=\"text-align: center;\">Son fils, la seconde g\u00e9n\u00e9ration d\u2019Iturria, fait son entr\u00e9e. Cette entr\u00e9e a assur\u00e9 la stabilit\u00e9 et la croissance de l\u2019entreprise.<\/p>\n[\/vc_column_text][\/vc_column][vc_column width=&#8221;2\/12&#8243; el_class=&#8221;none&#8221;][vc_raw_html el_class=&#8221;timeline&#8221;]JTNDZGl2JTNFJTNDc3BhbiUzRSUzQyUyRnNwYW4lM0UlM0MlMkZkaXYlM0U=[\/vc_raw_html][\/vc_column][vc_column width=&#8221;5\/12&#8243; el_class=&#8221;order-2&#8243;][vc_single_image image=&#8221;2931&#8243; img_size=&#8221;full&#8221; css_animation=&#8221;fadeIn&#8221;][wgl_spacing spacer_size=&#8221;35px&#8221;][\/vc_column][\/vc_row][vc_row full_width=&#8221;stretch_row&#8221; css_animation=&#8221;fadeIn&#8221; el_class=&#8221;ferreteria-section&#8221;][vc_column width=&#8221;5\/12&#8243; el_class=&#8221;order-2&#8243;][vc_single_image image=&#8221;2909&#8243; img_size=&#8221;full&#8221; css_animation=&#8221;fadeIn&#8221;][wgl_spacing spacer_size=&#8221;35px&#8221;][\/vc_column][vc_column width=&#8221;2\/12&#8243; el_class=&#8221;none&#8221;][vc_raw_html el_class=&#8221;timeline&#8221;]JTNDZGl2JTNFJTNDc3BhbiUzRSUzQyUyRnNwYW4lM0UlM0MlMkZkaXYlM0U=[\/vc_raw_html][\/vc_column][vc_column width=&#8221;5\/12&#8243; el_class=&#8221;order-1&#8243;][vc_column_text css=&#8221;.vc_custom_1642591421287{margin-top: 0px !important;margin-bottom: 15px !important;border-top-width: 0px !important;padding-top: 0px !important;}&#8221;]\n<h1 style=\"text-align: center;\">1973<\/h1>\n[\/vc_column_text][vc_column_text]\n<p style=\"text-align: center;\">La troisi\u00e8me g\u00e9n\u00e9ration d\u2019Iturria commence. Des ann\u00e9es durant lesquelles Iturria a largement contribu\u00e9 \u00e0 l\u2019\u00e9dification de la r\u00e9gion de la Bidassoa en faisant de l\u2019entreprise une r\u00e9f\u00e9rence dans la ville.<\/p>\n[\/vc_column_text][\/vc_column][\/vc_row][vc_row full_width=&#8221;stretch_row&#8221; css_animation=&#8221;fadeIn&#8221; el_class=&#8221;ferreteria-section&#8221;][vc_column width=&#8221;5\/12&#8243; el_class=&#8221;order-1&#8243;][vc_column_text css=&#8221;.vc_custom_1642591443389{margin-top: 0px !important;margin-bottom: 15px !important;border-top-width: 0px !important;padding-top: 0px !important;}&#8221;]\n<h1 style=\"text-align: center;\">1999<\/h1>\n[\/vc_column_text][vc_column_text]\n<p style=\"text-align: center;\">Nous d\u00e9m\u00e9nageons au quartier de Ventas et agrandissons Iturria. Gr\u00e2ce \u00e0 cela, nous \u00e9largissons nos lignes commerciales pour satisfaire tous les besoins de nos clients.<\/p>\n[\/vc_column_text][\/vc_column][vc_column width=&#8221;2\/12&#8243; el_class=&#8221;none&#8221;][vc_raw_html el_class=&#8221;timeline&#8221;]JTNDZGl2JTNFJTNDc3BhbiUzRSUzQyUyRnNwYW4lM0UlM0MlMkZkaXYlM0U=[\/vc_raw_html][\/vc_column][vc_column width=&#8221;5\/12&#8243; el_class=&#8221;order-2&#8243;][vc_single_image image=&#8221;2865&#8243; img_size=&#8221;full&#8221; css_animation=&#8221;fadeIn&#8221;][wgl_spacing spacer_size=&#8221;35px&#8221;][\/vc_column][\/vc_row][vc_row full_width=&#8221;stretch_row&#8221; css_animation=&#8221;fadeIn&#8221; el_class=&#8221;ferreteria-section&#8221;][vc_column width=&#8221;5\/12&#8243; el_class=&#8221;order-2&#8243;][vc_single_image image=&#8221;2874&#8243; img_size=&#8221;full&#8221; css_animation=&#8221;fadeIn&#8221;][wgl_spacing spacer_size=&#8221;35px&#8221;][\/vc_column][vc_column width=&#8221;2\/12&#8243; el_class=&#8221;none&#8221;][vc_raw_html el_class=&#8221;timeline&#8221;]JTNDZGl2JTNFJTNDc3BhbiUzRSUzQyUyRnNwYW4lM0UlM0MlMkZkaXYlM0U=[\/vc_raw_html][\/vc_column][vc_column width=&#8221;5\/12&#8243; el_class=&#8221;order-1&#8243;][vc_column_text css=&#8221;.vc_custom_1642591467715{margin-top: 0px !important;margin-bottom: 15px !important;border-top-width: 0px !important;padding-top: 0px !important;}&#8221;]\n<h1 style=\"text-align: center;\">2008<\/h1>\n[\/vc_column_text][vc_column_text]\n<p style=\"text-align: center;\">La quatri\u00e8me g\u00e9n\u00e9ration commence \u00e0 travailler. Cela signifie de nouveaux projets innovants et des fournisseurs qui suivent les tendances du march\u00e9 ; mais nous restons fid\u00e8les \u00e0 notre essence de toujours.<\/p>\n[\/vc_column_text][\/vc_column][\/vc_row]\n","protected":false},"excerpt":{"rendered":"<p>[vc_row full_width=&#8221;stretch_row&#8221;][vc_column][vc_column_text] D\u2019une entreprise familiale \u00e0 une grande famille [\/vc_column_text][wgl_spacing spacer_size=&#8221;90px&#8221;][\/vc_column][\/vc_row][vc_row full_width=&#8221;stretch_row&#8221; css_animation=&#8221;fadeIn&#8221; el_class=&#8221;ferreteria-section&#8221;][vc_column width=&#8221;5\/12&#8243; el_class=&#8221;order-2&#8243;][vc_single_image image=&#8221;3150&#8243; img_size=&#8221;full&#8221; css_animation=&#8221;fadeIn&#8221;][wgl_spacing spacer_size=&#8221;35px&#8221;][\/vc_column][vc_column width=&#8221;2\/12&#8243; el_class=&#8221;none&#8221;][vc_raw_html el_class=&#8221;timeline&#8221;]JTNDZGl2JTNFJTNDc3BhbiUzRSUzQyUyRnNwYW4lM0UlM0MlMkZkaXYlM0U=[\/vc_raw_html][\/vc_column][vc_column width=&#8221;5\/12&#8243; el_class=&#8221;order-1&#8243;][vc_column_text css=&#8221;.vc_custom_1642591175315{margin-top: 0px !important;margin-bottom: 15px !important;border-top-width: 0px !important;padding-top: 0px !important;}&#8221;] 1895 [\/vc_column_text][vc_column_text] Ceferino Iturria Etxeberria na\u00eet \u00e0 Lesaka. [\/vc_column_text][\/vc_column][\/vc_row][vc_row full_width=&#8221;stretch_row&#8221; css_animation=&#8221;fadeIn&#8221; el_class=&#8221;ferreteria-section&#8221;][vc_column width=&#8221;5\/12&#8243; el_class=&#8221;order-1&#8243;][vc_column_text css=&#8221;.vc_custom_1642591139570{margin-top: 0px !important;margin-bottom: 15px !important;border-top-width: 0px !important;padding-top: [&hellip;]<\/p>\n","protected":false},"author":1,"featured_media":10397,"parent":0,"menu_order":0,"comment_status":"closed","ping_status":"closed","template":"","meta":{"_acf_changed":false,"footnotes":""},"class_list":["post-5418","page","type-page","status-publish","has-post-thumbnail","hentry"],"acf":[],"yoast_head":"<!-- This site is optimized with the Yoast SEO plugin v27.3 - https:\/\/yoast.com\/product\/yoast-seo-wordpress\/ -->\n<title>D\u00e9couvrez-nous - Iturria<\/title>\n<meta name=\"robots\" content=\"index, follow, max-snippet:-1, max-image-preview:large, max-video-preview:-1\" \/>\n<link rel=\"canonical\" href=\"https:\/\/iturria.net\/fr\/conocenos\/\" \/>\n<meta property=\"og:locale\" content=\"fr_FR\" \/>\n<meta property=\"og:type\" content=\"article\" \/>\n<meta property=\"og:title\" content=\"D\u00e9couvrez-nous - Iturria\" \/>\n<meta property=\"og:description\" content=\"[vc_row full_width=&#8221;stretch_row&#8221;][vc_column][vc_column_text] D\u2019une entreprise familiale \u00e0 une grande famille [\/vc_column_text][wgl_spacing spacer_size=&#8221;90px&#8221;][\/vc_column][\/vc_row][vc_row full_width=&#8221;stretch_row&#8221; css_animation=&#8221;fadeIn&#8221; el_class=&#8221;ferreteria-section&#8221;][vc_column width=&#8221;5\/12&#8243; el_class=&#8221;order-2&#8243;][vc_single_image image=&#8221;3150&#8243; img_size=&#8221;full&#8221; css_animation=&#8221;fadeIn&#8221;][wgl_spacing spacer_size=&#8221;35px&#8221;][\/vc_column][vc_column width=&#8221;2\/12&#8243; el_class=&#8221;none&#8221;][vc_raw_html el_class=&#8221;timeline&#8221;]JTNDZGl2JTNFJTNDc3BhbiUzRSUzQyUyRnNwYW4lM0UlM0MlMkZkaXYlM0U=[\/vc_raw_html][\/vc_column][vc_column width=&#8221;5\/12&#8243; el_class=&#8221;order-1&#8243;][vc_column_text css=&#8221;.vc_custom_1642591175315{margin-top: 0px !important;margin-bottom: 15px !important;border-top-width: 0px !important;padding-top: 0px !important;}&#8221;] 1895 [\/vc_column_text][vc_column_text] Ceferino Iturria Etxeberria na\u00eet \u00e0 Lesaka. [\/vc_column_text][\/vc_column][\/vc_row][vc_row full_width=&#8221;stretch_row&#8221; css_animation=&#8221;fadeIn&#8221; el_class=&#8221;ferreteria-section&#8221;][vc_column width=&#8221;5\/12&#8243; el_class=&#8221;order-1&#8243;][vc_column_text css=&#8221;.vc_custom_1642591139570{margin-top: 0px !important;margin-bottom: 15px !important;border-top-width: 0px !important;padding-top: [&hellip;]\" \/>\n<meta property=\"og:url\" content=\"https:\/\/iturria.net\/fr\/conocenos\/\" \/>\n<meta property=\"og:site_name\" content=\"Iturria\" \/>\n<meta property=\"article:modified_time\" content=\"2022-05-06T15:04:41+00:00\" \/>\n<meta name=\"twitter:card\" content=\"summary_large_image\" \/>\n<meta name=\"twitter:label1\" content=\"Dur\u00e9e de lecture estim\u00e9e\" \/>\n\t<meta name=\"twitter:data1\" content=\"5 minutes\" \/>\n<script type=\"application\/ld+json\" class=\"yoast-schema-graph\">{\"@context\":\"https:\\\/\\\/schema.org\",\"@graph\":[{\"@type\":\"WebPage\",\"@id\":\"https:\\\/\\\/iturria.net\\\/fr\\\/conocenos\\\/\",\"url\":\"https:\\\/\\\/iturria.net\\\/fr\\\/conocenos\\\/\",\"name\":\"D\u00e9couvrez-nous - Iturria\",\"isPartOf\":{\"@id\":\"https:\\\/\\\/iturria.net\\\/#website\"},\"primaryImageOfPage\":{\"@id\":\"https:\\\/\\\/iturria.net\\\/fr\\\/conocenos\\\/#primaryimage\"},\"image\":{\"@id\":\"https:\\\/\\\/iturria.net\\\/fr\\\/conocenos\\\/#primaryimage\"},\"thumbnailUrl\":\"https:\\\/\\\/iturria.net\\\/wp-content\\\/uploads\\\/2025\\\/04\\\/image-1.png\",\"datePublished\":\"2022-01-19T10:49:54+00:00\",\"dateModified\":\"2022-05-06T15:04:41+00:00\",\"breadcrumb\":{\"@id\":\"https:\\\/\\\/iturria.net\\\/fr\\\/conocenos\\\/#breadcrumb\"},\"inLanguage\":\"fr-FR\",\"potentialAction\":[{\"@type\":\"ReadAction\",\"target\":[\"https:\\\/\\\/iturria.net\\\/fr\\\/conocenos\\\/\"]}]},{\"@type\":\"ImageObject\",\"inLanguage\":\"fr-FR\",\"@id\":\"https:\\\/\\\/iturria.net\\\/fr\\\/conocenos\\\/#primaryimage\",\"url\":\"https:\\\/\\\/iturria.net\\\/wp-content\\\/uploads\\\/2025\\\/04\\\/image-1.png\",\"contentUrl\":\"https:\\\/\\\/iturria.net\\\/wp-content\\\/uploads\\\/2025\\\/04\\\/image-1.png\",\"width\":1170,\"height\":649,\"caption\":\"Con\u00f3cenos\"},{\"@type\":\"BreadcrumbList\",\"@id\":\"https:\\\/\\\/iturria.net\\\/fr\\\/conocenos\\\/#breadcrumb\",\"itemListElement\":[{\"@type\":\"ListItem\",\"position\":1,\"name\":\"Portada\",\"item\":\"https:\\\/\\\/iturria.net\\\/fr\\\/\"},{\"@type\":\"ListItem\",\"position\":2,\"name\":\"D\u00e9couvrez-nous\"}]},{\"@type\":\"WebSite\",\"@id\":\"https:\\\/\\\/iturria.net\\\/#website\",\"url\":\"https:\\\/\\\/iturria.net\\\/\",\"name\":\"Iturria\",\"description\":\"Mat. de construcci\u00f3n, cocinas, ba\u00f1os...\",\"potentialAction\":[{\"@type\":\"SearchAction\",\"target\":{\"@type\":\"EntryPoint\",\"urlTemplate\":\"https:\\\/\\\/iturria.net\\\/?s={search_term_string}\"},\"query-input\":{\"@type\":\"PropertyValueSpecification\",\"valueRequired\":true,\"valueName\":\"search_term_string\"}}],\"inLanguage\":\"fr-FR\"}]}<\/script>\n<!-- \/ Yoast SEO plugin. -->","yoast_head_json":{"title":"D\u00e9couvrez-nous - Iturria","robots":{"index":"index","follow":"follow","max-snippet":"max-snippet:-1","max-image-preview":"max-image-preview:large","max-video-preview":"max-video-preview:-1"},"canonical":"https:\/\/iturria.net\/fr\/conocenos\/","og_locale":"fr_FR","og_type":"article","og_title":"D\u00e9couvrez-nous - Iturria","og_description":"[vc_row full_width=&#8221;stretch_row&#8221;][vc_column][vc_column_text] D\u2019une entreprise familiale \u00e0 une grande famille [\/vc_column_text][wgl_spacing spacer_size=&#8221;90px&#8221;][\/vc_column][\/vc_row][vc_row full_width=&#8221;stretch_row&#8221; css_animation=&#8221;fadeIn&#8221; el_class=&#8221;ferreteria-section&#8221;][vc_column width=&#8221;5\/12&#8243; el_class=&#8221;order-2&#8243;][vc_single_image image=&#8221;3150&#8243; img_size=&#8221;full&#8221; css_animation=&#8221;fadeIn&#8221;][wgl_spacing spacer_size=&#8221;35px&#8221;][\/vc_column][vc_column width=&#8221;2\/12&#8243; el_class=&#8221;none&#8221;][vc_raw_html el_class=&#8221;timeline&#8221;]JTNDZGl2JTNFJTNDc3BhbiUzRSUzQyUyRnNwYW4lM0UlM0MlMkZkaXYlM0U=[\/vc_raw_html][\/vc_column][vc_column width=&#8221;5\/12&#8243; el_class=&#8221;order-1&#8243;][vc_column_text css=&#8221;.vc_custom_1642591175315{margin-top: 0px !important;margin-bottom: 15px !important;border-top-width: 0px !important;padding-top: 0px !important;}&#8221;] 1895 [\/vc_column_text][vc_column_text] Ceferino Iturria Etxeberria na\u00eet \u00e0 Lesaka. [\/vc_column_text][\/vc_column][\/vc_row][vc_row full_width=&#8221;stretch_row&#8221; css_animation=&#8221;fadeIn&#8221; el_class=&#8221;ferreteria-section&#8221;][vc_column width=&#8221;5\/12&#8243; el_class=&#8221;order-1&#8243;][vc_column_text css=&#8221;.vc_custom_1642591139570{margin-top: 0px !important;margin-bottom: 15px !important;border-top-width: 0px !important;padding-top: [&hellip;]","og_url":"https:\/\/iturria.net\/fr\/conocenos\/","og_site_name":"Iturria","article_modified_time":"2022-05-06T15:04:41+00:00","twitter_card":"summary_large_image","twitter_misc":{"Dur\u00e9e de lecture estim\u00e9e":"5 minutes"},"schema":{"@context":"https:\/\/schema.org","@graph":[{"@type":"WebPage","@id":"https:\/\/iturria.net\/fr\/conocenos\/","url":"https:\/\/iturria.net\/fr\/conocenos\/","name":"D\u00e9couvrez-nous - Iturria","isPartOf":{"@id":"https:\/\/iturria.net\/#website"},"primaryImageOfPage":{"@id":"https:\/\/iturria.net\/fr\/conocenos\/#primaryimage"},"image":{"@id":"https:\/\/iturria.net\/fr\/conocenos\/#primaryimage"},"thumbnailUrl":"https:\/\/iturria.net\/wp-content\/uploads\/2025\/04\/image-1.png","datePublished":"2022-01-19T10:49:54+00:00","dateModified":"2022-05-06T15:04:41+00:00","breadcrumb":{"@id":"https:\/\/iturria.net\/fr\/conocenos\/#breadcrumb"},"inLanguage":"fr-FR","potentialAction":[{"@type":"ReadAction","target":["https:\/\/iturria.net\/fr\/conocenos\/"]}]},{"@type":"ImageObject","inLanguage":"fr-FR","@id":"https:\/\/iturria.net\/fr\/conocenos\/#primaryimage","url":"https:\/\/iturria.net\/wp-content\/uploads\/2025\/04\/image-1.png","contentUrl":"https:\/\/iturria.net\/wp-content\/uploads\/2025\/04\/image-1.png","width":1170,"height":649,"caption":"Con\u00f3cenos"},{"@type":"BreadcrumbList","@id":"https:\/\/iturria.net\/fr\/conocenos\/#breadcrumb","itemListElement":[{"@type":"ListItem","position":1,"name":"Portada","item":"https:\/\/iturria.net\/fr\/"},{"@type":"ListItem","position":2,"name":"D\u00e9couvrez-nous"}]},{"@type":"WebSite","@id":"https:\/\/iturria.net\/#website","url":"https:\/\/iturria.net\/","name":"Iturria","description":"Mat. de construcci\u00f3n, cocinas, ba\u00f1os...","potentialAction":[{"@type":"SearchAction","target":{"@type":"EntryPoint","urlTemplate":"https:\/\/iturria.net\/?s={search_term_string}"},"query-input":{"@type":"PropertyValueSpecification","valueRequired":true,"valueName":"search_term_string"}}],"inLanguage":"fr-FR"}]}},"_links":{"self":[{"href":"https:\/\/iturria.net\/fr\/wp-json\/wp\/v2\/pages\/5418","targetHints":{"allow":["GET"]}}],"collection":[{"href":"https:\/\/iturria.net\/fr\/wp-json\/wp\/v2\/pages"}],"about":[{"href":"https:\/\/iturria.net\/fr\/wp-json\/wp\/v2\/types\/page"}],"author":[{"embeddable":true,"href":"https:\/\/iturria.net\/fr\/wp-json\/wp\/v2\/users\/1"}],"replies":[{"embeddable":true,"href":"https:\/\/iturria.net\/fr\/wp-json\/wp\/v2\/comments?post=5418"}],"version-history":[{"count":2,"href":"https:\/\/iturria.net\/fr\/wp-json\/wp\/v2\/pages\/5418\/revisions"}],"predecessor-version":[{"id":5449,"href":"https:\/\/iturria.net\/fr\/wp-json\/wp\/v2\/pages\/5418\/revisions\/5449"}],"wp:featuredmedia":[{"embeddable":true,"href":"https:\/\/iturria.net\/fr\/wp-json\/wp\/v2\/media\/10397"}],"wp:attachment":[{"href":"https:\/\/iturria.net\/fr\/wp-json\/wp\/v2\/media?parent=5418"}],"curies":[{"name":"wp","href":"https:\/\/api.w.org\/{rel}","templated":true}]}}